{"id":4250,"date":"2023-07-21T11:25:57","date_gmt":"2023-07-21T09:25:57","guid":{"rendered":"https:\/\/hidrasol.com\/a-empresa\/"},"modified":"2026-02-20T11:26:24","modified_gmt":"2026-02-20T10:26:24","slug":"empresa","status":"publish","type":"page","link":"https:\/\/hidrasol.com\/pt-pt\/empresa\/","title":{"rendered":"A empresa"},"content":{"rendered":"\t\t<div data-elementor-type=\"wp-page\" data-elementor-id=\"4250\" class=\"elementor elementor-4250 elementor-35\" data-elementor-post-type=\"page\">\n\t\t\t\t<div class=\"elementor-element elementor-element-29133230 e-flex e-con-boxed e-con e-parent\" data-id=\"29133230\" data-element_type=\"container\" data-e-type=\"container\" data-settings=\"{&quot;background_background&quot;:&quot;classic&quot;}\">\n\t\t\t\t\t<div class=\"e-con-inner\">\n\t\t\t\t<div class=\"elementor-element elementor-element-46bfe731 elementor-widget elementor-widget-shortcode\" data-id=\"46bfe731\" data-element_type=\"widget\" data-e-type=\"widget\" data-widget_type=\"shortcode.default\">\n\t\t\t\t<div class=\"elementor-widget-container\">\n\t\t\t\t\t\t\t<div class=\"elementor-shortcode\"><nav aria-label=\"breadcrumbs\" class=\"rank-math-breadcrumb\"><p><span class=\"last\">In\u00edcio<\/span><\/p><\/nav><\/div>\n\t\t\t\t\t\t<\/div>\n\t\t\t\t<\/div>\n\t\t\t\t<div class=\"elementor-element elementor-element-23701dc5 elementor-widget elementor-widget-heading\" data-id=\"23701dc5\" data-element_type=\"widget\" data-e-type=\"widget\" data-widget_type=\"heading.default\">\n\t\t\t\t<div class=\"elementor-widget-container\">\n\t\t\t\t\t<h1 class=\"elementor-heading-title elementor-size-default\">A empresa<\/h1>\t\t\t\t<\/div>\n\t\t\t\t<\/div>\n\t\t\t\t<div class=\"elementor-element elementor-element-5c590822 elementor-widget elementor-widget-text-editor\" data-id=\"5c590822\" data-element_type=\"widget\" data-e-type=\"widget\" data-widget_type=\"text-editor.default\">\n\t\t\t\t<div class=\"elementor-widget-container\">\n\t\t\t\t\t\t\t\t\t<p>O nosso compromisso com a excel\u00eancia e a satisfa\u00e7\u00e3o do cliente impulsiona-nos a oferecer uma gama completa de servi\u00e7os de qualidade em semirreboques e pisos m\u00f3veis. <\/p>\t\t\t\t\t\t\t\t<\/div>\n\t\t\t\t<\/div>\n\t\t\t\t\t<\/div>\n\t\t\t\t<\/div>\n\t\t<div class=\"elementor-element elementor-element-17a3e78 e-flex e-con-boxed e-con e-parent\" data-id=\"17a3e78\" data-element_type=\"container\" data-e-type=\"container\" data-settings=\"{&quot;background_background&quot;:&quot;classic&quot;}\">\n\t\t\t\t\t<div class=\"e-con-inner\">\n\t\t<div class=\"elementor-element elementor-element-6ceaff5 e-flex e-con-boxed e-con e-child\" data-id=\"6ceaff5\" data-element_type=\"container\" data-e-type=\"container\">\n\t\t\t\t\t<div class=\"e-con-inner\">\n\t\t<div class=\"elementor-element elementor-element-85e2bbf e-con-full e-flex e-con e-child\" data-id=\"85e2bbf\" data-element_type=\"container\" data-e-type=\"container\">\n\t\t\t\t<div class=\"elementor-element elementor-element-49fda69 elementor-widget elementor-widget-text-editor\" data-id=\"49fda69\" data-element_type=\"widget\" data-e-type=\"widget\" data-widget_type=\"text-editor.default\">\n\t\t\t\t<div class=\"elementor-widget-container\">\n\t\t\t\t\t\t\t\t\t<p>Na Hidrasol, oferecemos <b>solu\u00e7\u00f5es personalizadas que se adaptam \u00e0s necessidades espec\u00edficas de cada projeto<\/b>. <span style=\"background-color: var( --e-global-color-507574e ); color: var( --e-global-color-text ); font-family: var( --e-global-typography-text-font-family ), Sans-serif; font-size: var( --e-global-typography-text-font-size ); font-weight: var( --e-global-typography-text-font-weight ); text-align: var(--text-align);\"> <\/span><\/p>\t\t\t\t\t\t\t\t<\/div>\n\t\t\t\t<\/div>\n\t\t\t\t<\/div>\n\t\t\t\t\t<\/div>\n\t\t\t\t<\/div>\n\t\t<div class=\"elementor-element elementor-element-33ab783 e-flex e-con-boxed e-con e-child\" data-id=\"33ab783\" data-element_type=\"container\" data-e-type=\"container\">\n\t\t\t\t\t<div class=\"e-con-inner\">\n\t\t<div class=\"elementor-element elementor-element-2f65139 e-con-full e-flex e-con e-child\" data-id=\"2f65139\" data-element_type=\"container\" data-e-type=\"container\">\n\t\t\t\t<div class=\"elementor-element elementor-element-ec813bc elementor-widget__width-inherit elementor-widget elementor-widget-heading\" data-id=\"ec813bc\" data-element_type=\"widget\" data-e-type=\"widget\" data-widget_type=\"heading.default\">\n\t\t\t\t<div class=\"elementor-widget-container\">\n\t\t\t\t\t<h2 class=\"elementor-heading-title elementor-size-default\">Projetos personalizados<\/h2>\t\t\t\t<\/div>\n\t\t\t\t<\/div>\n\t\t\t\t<div class=\"elementor-element elementor-element-5c2d1d2 elementor-widget elementor-widget-text-editor\" data-id=\"5c2d1d2\" data-element_type=\"widget\" data-e-type=\"widget\" data-widget_type=\"text-editor.default\">\n\t\t\t\t<div class=\"elementor-widget-container\">\n\t\t\t\t\t\t\t\t\t<p>Especializamo-nos no design e fabrico de semirreboques e pisos m\u00f3veis \u00e0 medida. A nossa equipa de especialistas trabalhar\u00e1 em estreita colabora\u00e7\u00e3o consigo para compreender os seus requisitos espec\u00edficos e criar solu\u00e7\u00f5es personalizadas que se adaptem \u00e0s suas necessidades.<\/p>\t\t\t\t\t\t\t\t<\/div>\n\t\t\t\t<\/div>\n\t\t\t\t<\/div>\n\t\t<div class=\"elementor-element elementor-element-4c6495a e-con-full e-flex e-con e-child\" data-id=\"4c6495a\" data-element_type=\"container\" data-e-type=\"container\">\n\t\t\t\t<div class=\"elementor-element elementor-element-024db82 elementor-widget__width-inherit elementor-widget elementor-widget-heading\" data-id=\"024db82\" data-element_type=\"widget\" data-e-type=\"widget\" data-widget_type=\"heading.default\">\n\t\t\t\t<div class=\"elementor-widget-container\">\n\t\t\t\t\t<h2 class=\"elementor-heading-title elementor-size-default\">Piso m\u00f3vel est\u00e1tico bunker<\/h2>\t\t\t\t<\/div>\n\t\t\t\t<\/div>\n\t\t\t\t<div class=\"elementor-element elementor-element-e2e2c10 elementor-widget elementor-widget-text-editor\" data-id=\"e2e2c10\" data-element_type=\"widget\" data-e-type=\"widget\" data-widget_type=\"text-editor.default\">\n\t\t\t\t<div class=\"elementor-widget-container\">\n\t\t\t\t\t\t\t\t\t<p>Contamos com uma vasta experi\u00eancia no fabrico de pisos m\u00f3veis est\u00e1ticos bunker. Estes pisos s\u00e3o projetados para garantir a m\u00e1xima seguran\u00e7a e durabilidade em ambientes exigentes. Os nossos profissionais encarregar-se-\u00e3o de cada detalhe, desde o design at\u00e9 \u00e0 instala\u00e7\u00e3o, para garantir um resultado final que cumpra as suas expectativas.<\/p>\t\t\t\t\t\t\t\t<\/div>\n\t\t\t\t<\/div>\n\t\t\t\t<\/div>\n\t\t\t\t\t<\/div>\n\t\t\t\t<\/div>\n\t\t<div class=\"elementor-element elementor-element-87ddfd9 e-flex e-con-boxed e-con e-child\" data-id=\"87ddfd9\" data-element_type=\"container\" data-e-type=\"container\">\n\t\t\t\t\t<div class=\"e-con-inner\">\n\t\t<div class=\"elementor-element elementor-element-bd52665 e-con-full e-flex e-con e-child\" data-id=\"bd52665\" data-element_type=\"container\" data-e-type=\"container\">\n\t\t\t\t<div class=\"elementor-element elementor-element-363d4c1 elementor-widget__width-inherit elementor-widget elementor-widget-heading\" data-id=\"363d4c1\" data-element_type=\"widget\" data-e-type=\"widget\" data-widget_type=\"heading.default\">\n\t\t\t\t<div class=\"elementor-widget-container\">\n\t\t\t\t\t<h2 class=\"elementor-heading-title elementor-size-default\">Carga autom\u00e1tica para docas<\/h2>\t\t\t\t<\/div>\n\t\t\t\t<\/div>\n\t\t\t\t<div class=\"elementor-element elementor-element-34b8297 elementor-widget elementor-widget-text-editor\" data-id=\"34b8297\" data-element_type=\"widget\" data-e-type=\"widget\" data-widget_type=\"text-editor.default\">\n\t\t\t\t<div class=\"elementor-widget-container\">\n\t\t\t\t\t\t\t\t\t<p>Oferecemos solu\u00e7\u00f5es de carga autom\u00e1tica de alta qualidade para docas. Estes sistemas s\u00e3o projetados para melhorar a efici\u00eancia e a produtividade das opera\u00e7\u00f5es de carga e descarga nas docas.<\/p>\t\t\t\t\t\t\t\t<\/div>\n\t\t\t\t<\/div>\n\t\t\t\t<\/div>\n\t\t<div class=\"elementor-element elementor-element-b0bb276 e-con-full e-flex e-con e-child\" data-id=\"b0bb276\" data-element_type=\"container\" data-e-type=\"container\">\n\t\t\t\t<div class=\"elementor-element elementor-element-c0ee208 elementor-widget__width-inherit elementor-widget elementor-widget-heading\" data-id=\"c0ee208\" data-element_type=\"widget\" data-e-type=\"widget\" data-widget_type=\"heading.default\">\n\t\t\t\t<div class=\"elementor-widget-container\">\n\t\t\t\t\t<h2 class=\"elementor-heading-title elementor-size-default\">Pe\u00e7as de substitui\u00e7\u00e3o para piso m\u00f3vel<\/h2>\t\t\t\t<\/div>\n\t\t\t\t<\/div>\n\t\t\t\t<div class=\"elementor-element elementor-element-9a59e9d elementor-widget elementor-widget-text-editor\" data-id=\"9a59e9d\" data-element_type=\"widget\" data-e-type=\"widget\" data-widget_type=\"text-editor.default\">\n\t\t\t\t<div class=\"elementor-widget-container\">\n\t\t\t\t\t\t\t\t\t<p>Na Hidrasol, compreendemos a import\u00e2ncia de ter as pe\u00e7as de substitui\u00e7\u00e3o adequadas para manter o seu piso m\u00f3vel em bom estado. Oferecemos uma vasta sele\u00e7\u00e3o de pe\u00e7as de substitui\u00e7\u00e3o de qualidade para garantir um funcionamento cont\u00ednuo e seguro do seu equipamento.<\/p>\t\t\t\t\t\t\t\t<\/div>\n\t\t\t\t<\/div>\n\t\t\t\t<\/div>\n\t\t\t\t\t<\/div>\n\t\t\t\t<\/div>\n\t\t<div class=\"elementor-element elementor-element-a7a2116 e-flex e-con-boxed e-con e-child\" data-id=\"a7a2116\" data-element_type=\"container\" data-e-type=\"container\">\n\t\t\t\t\t<div class=\"e-con-inner\">\n\t\t<div class=\"elementor-element elementor-element-1a16566 e-con-full e-flex e-con e-child\" data-id=\"1a16566\" data-element_type=\"container\" data-e-type=\"container\">\n\t\t\t\t<div class=\"elementor-element elementor-element-1670055 elementor-widget__width-inherit elementor-widget elementor-widget-heading\" data-id=\"1670055\" data-element_type=\"widget\" data-e-type=\"widget\" data-widget_type=\"heading.default\">\n\t\t\t\t<div class=\"elementor-widget-container\">\n\t\t\t\t\t<h2 class=\"elementor-heading-title elementor-size-default\">Servi\u00e7o p\u00f3s-venda<\/h2>\t\t\t\t<\/div>\n\t\t\t\t<\/div>\n\t\t\t\t<div class=\"elementor-element elementor-element-7db470e elementor-widget elementor-widget-text-editor\" data-id=\"7db470e\" data-element_type=\"widget\" data-e-type=\"widget\" data-widget_type=\"text-editor.default\">\n\t\t\t\t<div class=\"elementor-widget-container\">\n\t\t\t\t\t\t\t\t\t<p>A nossa rela\u00e7\u00e3o com o cliente n\u00e3o termina com a venda. Comprometemo-nos a prestar um <a href=\"https:\/\/hidrasol.com\/servicio-postventa\/\">servi\u00e7o p\u00f3s-venda para semirreboques<\/a> excecional para garantir que o seu semirreboque ou piso m\u00f3vel funcione de forma otimizada durante toda a sua vida \u00fatil.<\/p>\t\t\t\t\t\t\t\t<\/div>\n\t\t\t\t<\/div>\n\t\t\t\t<\/div>\n\t\t<div class=\"elementor-element elementor-element-d95a256 e-con-full e-flex e-con e-child\" data-id=\"d95a256\" data-element_type=\"container\" data-e-type=\"container\">\n\t\t\t\t<div class=\"elementor-element elementor-element-8f3a725 elementor-widget__width-inherit elementor-widget elementor-widget-heading\" data-id=\"8f3a725\" data-element_type=\"widget\" data-e-type=\"widget\" data-widget_type=\"heading.default\">\n\t\t\t\t<div class=\"elementor-widget-container\">\n\t\t\t\t\t<h2 class=\"elementor-heading-title elementor-size-default\">Financiamento \u00e0 sua medida<\/h2>\t\t\t\t<\/div>\n\t\t\t\t<\/div>\n\t\t\t\t<div class=\"elementor-element elementor-element-11216a8 elementor-widget elementor-widget-text-editor\" data-id=\"11216a8\" data-element_type=\"widget\" data-e-type=\"widget\" data-widget_type=\"text-editor.default\">\n\t\t\t\t<div class=\"elementor-widget-container\">\n\t\t\t\t\t\t\t\t\t<p>Compreendemos que cada cliente \u00e9 \u00fanico e pode ter necessidades financeiras espec\u00edficas. Por isso, oferecemos <a href=\"https:\/\/hidrasol.com\/pt-pt\/pisos-moveis\/pisos-moveis-de-aluguer\/\">op\u00e7\u00f5es de financiamento<\/a> flex\u00edveis e adaptadas \u00e0 sua situa\u00e7\u00e3o.<\/p>\t\t\t\t\t\t\t\t<\/div>\n\t\t\t\t<\/div>\n\t\t\t\t<\/div>\n\t\t\t\t\t<\/div>\n\t\t\t\t<\/div>\n\t\t\t\t\t<\/div>\n\t\t\t\t<\/div>\n\t\t\t\t<\/div>\n\t\t","protected":false},"excerpt":{"rendered":"<p>O nosso compromisso com a excel\u00eancia e a satisfa\u00e7\u00e3o do cliente impulsiona-nos a oferecer uma gama completa de servi\u00e7os de qualidade em semirreboques e pisos m\u00f3veis. Na Hidrasol, oferecemos solu\u00e7\u00f5es personalizadas que se adaptam \u00e0s necessidades espec\u00edficas de cada projeto. Projetos personalizados Especializamo-nos no design e fabrico de semirreboques e pisos m\u00f3veis \u00e0 medida. A [&hellip;]<\/p>\n","protected":false},"author":1,"featured_media":0,"parent":0,"menu_order":0,"comment_status":"closed","ping_status":"closed","template":"","meta":{"footnotes":""},"class_list":["post-4250","page","type-page","status-publish","hentry"],"_links":{"self":[{"href":"https:\/\/hidrasol.com\/pt-pt\/wp-json\/wp\/v2\/pages\/4250","targetHints":{"allow":["GET"]}}],"collection":[{"href":"https:\/\/hidrasol.com\/pt-pt\/wp-json\/wp\/v2\/pages"}],"about":[{"href":"https:\/\/hidrasol.com\/pt-pt\/wp-json\/wp\/v2\/types\/page"}],"author":[{"embeddable":true,"href":"https:\/\/hidrasol.com\/pt-pt\/wp-json\/wp\/v2\/users\/1"}],"replies":[{"embeddable":true,"href":"https:\/\/hidrasol.com\/pt-pt\/wp-json\/wp\/v2\/comments?post=4250"}],"version-history":[{"count":0,"href":"https:\/\/hidrasol.com\/pt-pt\/wp-json\/wp\/v2\/pages\/4250\/revisions"}],"wp:attachment":[{"href":"https:\/\/hidrasol.com\/pt-pt\/wp-json\/wp\/v2\/media?parent=4250"}],"curies":[{"name":"wp","href":"https:\/\/api.w.org\/{rel}","templated":true}]}}