{"id":4512,"date":"2023-09-14T17:37:50","date_gmt":"2023-09-14T15:37:50","guid":{"rendered":"https:\/\/hidrasol.com\/aviso-legal\/"},"modified":"2026-02-20T11:18:15","modified_gmt":"2026-02-20T10:18:15","slug":"aviso-legal","status":"publish","type":"page","link":"https:\/\/hidrasol.com\/pt-pt\/aviso-legal\/","title":{"rendered":"Aviso legal"},"content":{"rendered":"\t\t<div data-elementor-type=\"wp-page\" data-elementor-id=\"4512\" class=\"elementor elementor-4512 elementor-1009\" data-elementor-post-type=\"page\">\n\t\t\t\t<div class=\"elementor-element elementor-element-24c511c e-flex e-con-boxed e-con e-parent\" data-id=\"24c511c\" data-element_type=\"container\" data-e-type=\"container\" data-settings=\"{&quot;background_background&quot;:&quot;classic&quot;}\">\n\t\t\t\t\t<div class=\"e-con-inner\">\n\t\t\t\t<div class=\"elementor-element elementor-element-27fd133 elementor-widget elementor-widget-shortcode\" data-id=\"27fd133\" data-element_type=\"widget\" data-e-type=\"widget\" data-widget_type=\"shortcode.default\">\n\t\t\t\t<div class=\"elementor-widget-container\">\n\t\t\t\t\t\t\t<div class=\"elementor-shortcode\"><nav aria-label=\"breadcrumbs\" class=\"rank-math-breadcrumb\"><p><span class=\"last\">In\u00edcio<\/span><\/p><\/nav><\/div>\n\t\t\t\t\t\t<\/div>\n\t\t\t\t<\/div>\n\t\t\t\t<div class=\"elementor-element elementor-element-bf83417 elementor-widget elementor-widget-image\" data-id=\"bf83417\" data-element_type=\"widget\" data-e-type=\"widget\" data-widget_type=\"image.default\">\n\t\t\t\t<div class=\"elementor-widget-container\">\n\t\t\t\t\t\t\t\t\t\t\t\t\t\t\t<img decoding=\"async\" width=\"200\" height=\"61\" src=\"https:\/\/hidrasol.com\/wp-content\/uploads\/2023\/07\/redondas.png\" class=\"attachment-large size-large wp-image-3979\" alt=\"\" \/>\t\t\t\t\t\t\t\t\t\t\t\t\t\t\t<\/div>\n\t\t\t\t<\/div>\n\t\t\t\t<div class=\"elementor-element elementor-element-b740a25 elementor-widget elementor-widget-heading\" data-id=\"b740a25\" data-element_type=\"widget\" data-e-type=\"widget\" data-widget_type=\"heading.default\">\n\t\t\t\t<div class=\"elementor-widget-container\">\n\t\t\t\t\t<h1 class=\"elementor-heading-title elementor-size-default\">Aviso legal<\/h1>\t\t\t\t<\/div>\n\t\t\t\t<\/div>\n\t\t\t\t\t<\/div>\n\t\t\t\t<\/div>\n\t\t<div class=\"elementor-element elementor-element-0da17e9 e-flex e-con-boxed e-con e-parent\" data-id=\"0da17e9\" data-element_type=\"container\" data-e-type=\"container\">\n\t\t\t\t\t<div class=\"e-con-inner\">\n\t\t\t\t<div class=\"elementor-element elementor-element-2da877a elementor-widget elementor-widget-text-editor\" data-id=\"2da877a\" data-element_type=\"widget\" data-e-type=\"widget\" data-widget_type=\"text-editor.default\">\n\t\t\t\t<div class=\"elementor-widget-container\">\n\t\t\t\t\t\t\t\t\t<p>Em cumprimento do artigo 10.\u00ba da Lei 34\/2002, de 11 de julho, de servi\u00e7os da Sociedade da Informa\u00e7\u00e3o e do Com\u00e9rcio Eletr\u00f3nico (LSSICE), apresentam-se de seguida os dados identificativos da empresa.<\/p>\n<p><strong>Denomina\u00e7\u00e3o social<\/strong>: HIDRASOL VAOX, S.L. (HIDRASOL)<br><strong>N\u00famero de identifica\u00e7\u00e3o fiscal<\/strong>: B25787847<br><strong>Sede social<\/strong>: C. Tramuntana, 34, 25180 Alcarr\u00e0s, Lleida<br><strong>E-mail<\/strong>: <a href=\"mailto:info@hidrasol.com\">info@hidrasol.com<\/a><br><strong>Telefone<\/strong>: +34 974 454 939<\/p>\n<p><a href=\"https:\/\/hidrasol.com\/pt-pt\/\">www.hidrasol.com<\/a> \u00e9 um dom\u00ednio na internet cujo titular \u00e9 a <strong>HIDRASOL<\/strong>. \u00c9 proibida a reprodu\u00e7\u00e3o total ou parcial dos conte\u00fados deste WEBSITE sem o seu consentimento expresso e por escrito, citando, em qualquer caso, a sua origem e propriedade. <\/p>\n<p>A denomina\u00e7\u00e3o <strong>HIDRASOL<\/strong>, bem como todas as suas representa\u00e7\u00f5es gr\u00e1fico-denominativas, constituem uma marca registada, cujo titular \u00e9 a HIDRASOL VAOX, S.L., protegida pela legisla\u00e7\u00e3o nacional e comunit\u00e1ria.<\/p>\n<p><strong>Lei aplic\u00e1vel e jurisdi\u00e7\u00e3o<\/strong><\/p>\n<p>Para a resolu\u00e7\u00e3o de todas as controv\u00e9rsias ou quest\u00f5es relacionadas com o presente s\u00edtio Web ou com as atividades nele desenvolvidas, ser\u00e1 aplic\u00e1vel a legisla\u00e7\u00e3o espanhola, \u00e0 qual as partes se submetem expressamente, sendo competentes para a resolu\u00e7\u00e3o de todos os conflitos decorrentes ou relacionados com a sua utiliza\u00e7\u00e3o os Julgados e Tribunais de Lleida.<\/p>\t\t\t\t\t\t\t\t<\/div>\n\t\t\t\t<\/div>\n\t\t\t\t\t<\/div>\n\t\t\t\t<\/div>\n\t\t\t\t<\/div>\n\t\t","protected":false},"excerpt":{"rendered":"<p>Em cumprimento do artigo 10.\u00ba da Lei 34\/2002, de 11 de julho, de servi\u00e7os da Sociedade da Informa\u00e7\u00e3o e do Com\u00e9rcio Eletr\u00f3nico (LSSICE), apresentam-se de seguida os dados identificativos da empresa. Denomina\u00e7\u00e3o social: HIDRASOL VAOX, S.L. (HIDRASOL)N\u00famero de identifica\u00e7\u00e3o fiscal: B25787847Sede social: C. Tramuntana, 34, 25180 Alcarr\u00e0s, LleidaE-mail: info@hidrasol.comTelefone: +34 974 454 939 www.hidrasol.com \u00e9 [&hellip;]<\/p>\n","protected":false},"author":1,"featured_media":0,"parent":0,"menu_order":0,"comment_status":"closed","ping_status":"closed","template":"","meta":{"footnotes":""},"class_list":["post-4512","page","type-page","status-publish","hentry"],"_links":{"self":[{"href":"https:\/\/hidrasol.com\/pt-pt\/wp-json\/wp\/v2\/pages\/4512","targetHints":{"allow":["GET"]}}],"collection":[{"href":"https:\/\/hidrasol.com\/pt-pt\/wp-json\/wp\/v2\/pages"}],"about":[{"href":"https:\/\/hidrasol.com\/pt-pt\/wp-json\/wp\/v2\/types\/page"}],"author":[{"embeddable":true,"href":"https:\/\/hidrasol.com\/pt-pt\/wp-json\/wp\/v2\/users\/1"}],"replies":[{"embeddable":true,"href":"https:\/\/hidrasol.com\/pt-pt\/wp-json\/wp\/v2\/comments?post=4512"}],"version-history":[{"count":0,"href":"https:\/\/hidrasol.com\/pt-pt\/wp-json\/wp\/v2\/pages\/4512\/revisions"}],"wp:attachment":[{"href":"https:\/\/hidrasol.com\/pt-pt\/wp-json\/wp\/v2\/media?parent=4512"}],"curies":[{"name":"wp","href":"https:\/\/api.w.org\/{rel}","templated":true}]}}