{"id":4515,"date":"2023-09-14T11:53:59","date_gmt":"2023-09-14T09:53:59","guid":{"rendered":"https:\/\/hidrasol.com\/servico-pos-venda\/"},"modified":"2026-02-20T11:18:15","modified_gmt":"2026-02-20T10:18:15","slug":"servico-pos-venda","status":"publish","type":"page","link":"https:\/\/hidrasol.com\/pt-pt\/servico-pos-venda\/","title":{"rendered":"Servi\u00e7o p\u00f3s-venda"},"content":{"rendered":"\t\t<div data-elementor-type=\"wp-page\" data-elementor-id=\"4515\" class=\"elementor elementor-4515 elementor-919\" data-elementor-post-type=\"page\">\n\t\t\t\t<div class=\"elementor-element elementor-element-75c0ee3 e-flex e-con-boxed e-con e-parent\" data-id=\"75c0ee3\" data-element_type=\"container\" data-e-type=\"container\" data-settings=\"{&quot;background_background&quot;:&quot;classic&quot;}\">\n\t\t\t\t\t<div class=\"e-con-inner\">\n\t\t\t\t<div class=\"elementor-element elementor-element-2fda4c7 elementor-widget elementor-widget-shortcode\" data-id=\"2fda4c7\" data-element_type=\"widget\" data-e-type=\"widget\" data-widget_type=\"shortcode.default\">\n\t\t\t\t<div class=\"elementor-widget-container\">\n\t\t\t\t\t\t\t<div class=\"elementor-shortcode\"><nav aria-label=\"breadcrumbs\" class=\"rank-math-breadcrumb\"><p><span class=\"last\">In\u00edcio<\/span><\/p><\/nav><\/div>\n\t\t\t\t\t\t<\/div>\n\t\t\t\t<\/div>\n\t\t\t\t<div class=\"elementor-element elementor-element-cf91e9e elementor-widget elementor-widget-heading\" data-id=\"cf91e9e\" data-element_type=\"widget\" data-e-type=\"widget\" data-widget_type=\"heading.default\">\n\t\t\t\t<div class=\"elementor-widget-container\">\n\t\t\t\t\t<h1 class=\"elementor-heading-title elementor-size-default\">Servi\u00e7o p\u00f3s-venda<\/h1>\t\t\t\t<\/div>\n\t\t\t\t<\/div>\n\t\t\t\t<div class=\"elementor-element elementor-element-2370f1f elementor-widget elementor-widget-text-editor\" data-id=\"2370f1f\" data-element_type=\"widget\" data-e-type=\"widget\" data-widget_type=\"text-editor.default\">\n\t\t\t\t<div class=\"elementor-widget-container\">\n\t\t\t\t\t\t\t\t\t<p>Confie no nosso servi\u00e7o p\u00f3s-venda e usufrua de um atendimento personalizado e de qualidade.<\/p>\t\t\t\t\t\t\t\t<\/div>\n\t\t\t\t<\/div>\n\t\t\t\t\t<\/div>\n\t\t\t\t<\/div>\n\t\t<div class=\"elementor-element elementor-element-50a4b62 e-flex e-con-boxed e-con e-parent\" data-id=\"50a4b62\" data-element_type=\"container\" data-e-type=\"container\" data-settings=\"{&quot;background_background&quot;:&quot;classic&quot;}\">\n\t\t\t\t\t<div class=\"e-con-inner\">\n\t\t<div class=\"elementor-element elementor-element-8acee36 e-flex e-con-boxed e-con e-child\" data-id=\"8acee36\" data-element_type=\"container\" data-e-type=\"container\">\n\t\t\t\t\t<div class=\"e-con-inner\">\n\t\t<div class=\"elementor-element elementor-element-defe4a0 e-con-full e-flex e-con e-child\" data-id=\"defe4a0\" data-element_type=\"container\" data-e-type=\"container\">\n\t\t\t\t<div class=\"elementor-element elementor-element-b8d17d7 elementor-widget elementor-widget-text-editor\" data-id=\"b8d17d7\" data-element_type=\"widget\" data-e-type=\"widget\" data-widget_type=\"text-editor.default\">\n\t\t\t\t<div class=\"elementor-widget-container\">\n\t\t\t\t\t\t\t\t\t<p>Sabemos o qu\u00e3o importante \u00e9 contar com uma<b> equipa t\u00e9cnica especializada<\/b> para garantir um servi\u00e7o perfeito e resolver qualquer avaria no menor tempo poss\u00edvel. <\/p><p>\u00c9 por isso que, na Hidrasol, contamos com uma equipa de t\u00e9cnicos com vasta experi\u00eancia, que se encarregar\u00e1 da <b>manuten\u00e7\u00e3o e repara\u00e7\u00e3o<\/b> do seu semirreboque.<\/p>\t\t\t\t\t\t\t\t<\/div>\n\t\t\t\t<\/div>\n\t\t\t\t<div class=\"elementor-element elementor-element-5dceae4 elementor-widget elementor-widget-text-editor\" data-id=\"5dceae4\" data-element_type=\"widget\" data-e-type=\"widget\" data-widget_type=\"text-editor.default\">\n\t\t\t\t<div class=\"elementor-widget-container\">\n\t\t\t\t\t\t\t\t\t<p>Estamos empenhados em oferecer-lhe solu\u00e7\u00f5es integrais para as suas necessidades de semirreboques e pisos m\u00f3veis. <\/p>\t\t\t\t\t\t\t\t<\/div>\n\t\t\t\t<\/div>\n\t\t\t\t<\/div>\n\t\t<div class=\"elementor-element elementor-element-4b213be e-con-full e-flex e-con e-child\" data-id=\"4b213be\" data-element_type=\"container\" data-e-type=\"container\">\n\t\t\t\t<div class=\"elementor-element elementor-element-bd3bcae elementor-widget elementor-widget-image\" data-id=\"bd3bcae\" data-element_type=\"widget\" data-e-type=\"widget\" data-widget_type=\"image.default\">\n\t\t\t\t<div class=\"elementor-widget-container\">\n\t\t\t\t\t\t\t\t\t\t\t\t\t\t\t<img fetchpriority=\"high\" decoding=\"async\" width=\"800\" height=\"450\" src=\"https:\/\/hidrasol.com\/wp-content\/uploads\/2023\/09\/video-semirremolque-hidrasol-480-1024x576.jpg\" class=\"attachment-large size-large wp-image-4516\" alt=\"\" srcset=\"https:\/\/hidrasol.com\/wp-content\/uploads\/2023\/09\/video-semirremolque-hidrasol-480-1024x576.jpg 1024w, https:\/\/hidrasol.com\/wp-content\/uploads\/2023\/09\/video-semirremolque-hidrasol-480-600x338.jpg 600w, https:\/\/hidrasol.com\/wp-content\/uploads\/2023\/09\/video-semirremolque-hidrasol-480-300x169.jpg 300w, https:\/\/hidrasol.com\/wp-content\/uploads\/2023\/09\/video-semirremolque-hidrasol-480-768x432.jpg 768w, https:\/\/hidrasol.com\/wp-content\/uploads\/2023\/09\/video-semirremolque-hidrasol-480-1536x864.jpg 1536w, https:\/\/hidrasol.com\/wp-content\/uploads\/2023\/09\/video-semirremolque-hidrasol-480.jpg 1920w\" sizes=\"(max-width: 800px) 100vw, 800px\" \/>\t\t\t\t\t\t\t\t\t\t\t\t\t\t\t<\/div>\n\t\t\t\t<\/div>\n\t\t\t\t<\/div>\n\t\t\t\t\t<\/div>\n\t\t\t\t<\/div>\n\t\t\t\t\t<\/div>\n\t\t\t\t<\/div>\n\t\t\t\t<\/div>\n\t\t","protected":false},"excerpt":{"rendered":"<p>Confie no nosso servi\u00e7o p\u00f3s-venda e usufrua de um atendimento personalizado e de qualidade. Sabemos o qu\u00e3o importante \u00e9 contar com uma equipa t\u00e9cnica especializada para garantir um servi\u00e7o perfeito e resolver qualquer avaria no menor tempo poss\u00edvel. \u00c9 por isso que, na Hidrasol, contamos com uma equipa de t\u00e9cnicos com vasta experi\u00eancia, que se [&hellip;]<\/p>\n","protected":false},"author":1,"featured_media":0,"parent":0,"menu_order":0,"comment_status":"closed","ping_status":"closed","template":"","meta":{"footnotes":""},"class_list":["post-4515","page","type-page","status-publish","hentry"],"_links":{"self":[{"href":"https:\/\/hidrasol.com\/pt-pt\/wp-json\/wp\/v2\/pages\/4515","targetHints":{"allow":["GET"]}}],"collection":[{"href":"https:\/\/hidrasol.com\/pt-pt\/wp-json\/wp\/v2\/pages"}],"about":[{"href":"https:\/\/hidrasol.com\/pt-pt\/wp-json\/wp\/v2\/types\/page"}],"author":[{"embeddable":true,"href":"https:\/\/hidrasol.com\/pt-pt\/wp-json\/wp\/v2\/users\/1"}],"replies":[{"embeddable":true,"href":"https:\/\/hidrasol.com\/pt-pt\/wp-json\/wp\/v2\/comments?post=4515"}],"version-history":[{"count":0,"href":"https:\/\/hidrasol.com\/pt-pt\/wp-json\/wp\/v2\/pages\/4515\/revisions"}],"wp:attachment":[{"href":"https:\/\/hidrasol.com\/pt-pt\/wp-json\/wp\/v2\/media?parent=4515"}],"curies":[{"name":"wp","href":"https:\/\/api.w.org\/{rel}","templated":true}]}}