{"id":4518,"date":"2023-08-18T08:06:38","date_gmt":"2023-08-18T06:06:38","guid":{"rendered":"https:\/\/hidrasol.com\/politica-de-privacidade\/"},"modified":"2026-02-20T11:18:15","modified_gmt":"2026-02-20T10:18:15","slug":"politica-de-privacidade","status":"publish","type":"page","link":"https:\/\/hidrasol.com\/pt-pt\/politica-de-privacidade\/","title":{"rendered":"Pol\u00edtica de Privacidade"},"content":{"rendered":"\t\t<div data-elementor-type=\"wp-page\" data-elementor-id=\"4518\" class=\"elementor elementor-4518 elementor-695\" data-elementor-post-type=\"page\">\n\t\t\t\t<div class=\"elementor-element elementor-element-176215b3 e-flex e-con-boxed e-con e-parent\" data-id=\"176215b3\" data-element_type=\"container\" data-e-type=\"container\" data-settings=\"{&quot;background_background&quot;:&quot;classic&quot;}\">\n\t\t\t\t\t<div class=\"e-con-inner\">\n\t\t\t\t<div class=\"elementor-element elementor-element-688c85ff elementor-widget elementor-widget-shortcode\" data-id=\"688c85ff\" data-element_type=\"widget\" data-e-type=\"widget\" data-widget_type=\"shortcode.default\">\n\t\t\t\t<div class=\"elementor-widget-container\">\n\t\t\t\t\t\t\t<div class=\"elementor-shortcode\"><nav aria-label=\"breadcrumbs\" class=\"rank-math-breadcrumb\"><p><span class=\"last\">In\u00edcio<\/span><\/p><\/nav><\/div>\n\t\t\t\t\t\t<\/div>\n\t\t\t\t<\/div>\n\t\t\t\t<div class=\"elementor-element elementor-element-5da1c0eb elementor-widget elementor-widget-image\" data-id=\"5da1c0eb\" data-element_type=\"widget\" data-e-type=\"widget\" data-widget_type=\"image.default\">\n\t\t\t\t<div class=\"elementor-widget-container\">\n\t\t\t\t\t\t\t\t\t\t\t\t\t\t\t<img decoding=\"async\" width=\"200\" height=\"61\" src=\"https:\/\/hidrasol.com\/wp-content\/uploads\/2023\/07\/redondas.png\" class=\"attachment-large size-large wp-image-3979\" alt=\"\" \/>\t\t\t\t\t\t\t\t\t\t\t\t\t\t\t<\/div>\n\t\t\t\t<\/div>\n\t\t\t\t<div class=\"elementor-element elementor-element-208e2878 elementor-widget elementor-widget-heading\" data-id=\"208e2878\" data-element_type=\"widget\" data-e-type=\"widget\" data-widget_type=\"heading.default\">\n\t\t\t\t<div class=\"elementor-widget-container\">\n\t\t\t\t\t<h1 class=\"elementor-heading-title elementor-size-default\">Pol\u00edtica de Privacidade<\/h1>\t\t\t\t<\/div>\n\t\t\t\t<\/div>\n\t\t\t\t\t<\/div>\n\t\t\t\t<\/div>\n\t\t<div class=\"elementor-element elementor-element-c3343de e-flex e-con-boxed e-con e-parent\" data-id=\"c3343de\" data-element_type=\"container\" data-e-type=\"container\">\n\t\t\t\t\t<div class=\"e-con-inner\">\n\t\t\t\t<div class=\"elementor-element elementor-element-24ff481 elementor-widget elementor-widget-text-editor\" data-id=\"24ff481\" data-element_type=\"widget\" data-e-type=\"widget\" data-widget_type=\"text-editor.default\">\n\t\t\t\t<div class=\"elementor-widget-container\">\n\t\t\t\t\t\t\t\t\t<p><strong>1. DADOS DE CAR\u00c1TER PESSOAL DO UTILIZADOR DO S\u00cdTIO WEB<\/strong><\/p><p>Em conformidade com o estabelecido na regulamenta\u00e7\u00e3o de prote\u00e7\u00e3o de dados espanhola e, em particular, no artigo 5.\u00ba da Lei Org\u00e2nica 15\/1999, de 13 de dezembro, de Prote\u00e7\u00e3o de Dados de Car\u00e1ter Pessoal (doravante, \u201cLOPD\u201d) e nos arts. 12 a 21 do Regulamento Geral sobre a Prote\u00e7\u00e3o de Dados (R 2016\/679), informamos que poder\u00e1 utilizar o s\u00edtio Web <a href=\"https:\/\/hidrasol.com\/pt-pt\/\">www.hidrasol.com<\/a> em qualquer momento sem necessidade de fornecer um \u00fanico dado, tornando a sua utiliza\u00e7\u00e3o an\u00f3nima; o registo apenas \u00e9 necess\u00e1rio para descarregar os documentos informativos, bem como para poder realizar uma encomenda. Neste \u00faltimo caso, a <strong>HIDRASOL<\/strong> permitir-lhe-\u00e1 adicionar os produtos que desejar ao seu carrinho de compras e enviar o pedido para que possa receber o custo exato da encomenda realizada, n\u00e3o estando em caso algum obrigado a efetuar a compra.  <\/p><p>Em todo o caso, as finalidades da recolha dos seus Dados de Car\u00e1ter Pessoal para os clientes da <strong>HIDRASOL<\/strong> s\u00e3o: (I) Permitir-lhe obter informa\u00e7\u00f5es detalhadas; (II) prestar-lhe os servi\u00e7os que tenha solicitado; (III) enviar-lhe comunica\u00e7\u00f5es relacionadas com temas de apoio ao cliente; (IV) remeter-lhe, por qualquer meio, incluindo meios eletr\u00f3nicos, comunica\u00e7\u00f5es comerciais relativas aos produtos e servi\u00e7os oferecidos pela <strong>HIDRASOL<\/strong>; (V) para garantir o funcionamento t\u00e9cnico da P\u00e1gina Web    <\/p><p>Os referidos dados de car\u00e1ter pessoal ser\u00e3o cancelados assim que terminar a sua rela\u00e7\u00e3o com a <strong>HIDRASOL<\/strong>.<\/p><p>Al\u00e9m disso, informamos que os seus dados n\u00e3o ser\u00e3o cedidos a empresas terceiras alheias \u00e0 <strong>HIDRASOL<\/strong>.<\/p><p>A utiliza\u00e7\u00e3o da P\u00e1gina Web da <strong>HIDRASOL<\/strong> n\u00e3o se dirige a menores de 14 anos e, por conseguinte, estes dever\u00e3o abster-se de facultar qualquer informa\u00e7\u00e3o de car\u00e1ter pessoal. Neste sentido, a <strong>HIDRASOL<\/strong> recomenda a utiliza\u00e7\u00e3o da sua P\u00e1gina Web a pessoas maiores de 18 anos. Para o efeito, a <strong>HIDRASOL<\/strong> reserva-se o direito de verificar a qualquer momento a idade dos utilizadores da sua P\u00e1gina Web.  <\/p><p>Atrav\u00e9s da aceita\u00e7\u00e3o da presente pol\u00edtica de privacidade, compromete-se, em rela\u00e7\u00e3o aos dados pessoais que facultar, a:<\/p><p>\u2013 N\u00e3o fornecer informa\u00e7\u00f5es pessoais falsas, nem de outras pessoas sem a sua autoriza\u00e7\u00e3o.<\/p><p>\u2013 Manter a informa\u00e7\u00e3o de contacto exata e atualizada.<\/p><p>\u2013 N\u00e3o realizar coment\u00e1rios ofensivos nem ilegais na <strong>HIDRASOL<\/strong> (na zona de LOJA).<\/p><p>Poder\u00e1 exercer os seus direitos de portabilidade, acesso, retifica\u00e7\u00e3o, cancelamento e oposi\u00e7\u00e3o ao tratamento dos referidos Dados de Car\u00e1ter Pessoal perante a HIDRASOL VAOX, SL, NIF n.\u00ba B25787847, em C. Tramuntana, 34, 25180 Alcarr\u00e0s, Lleida, anexando fotoc\u00f3pia do seu Cart\u00e3o de Cidad\u00e3o ou documento de identifica\u00e7\u00e3o v\u00e1lido equivalente, nos termos estabelecidos no Regulamento Geral sobre a Prote\u00e7\u00e3o de Dados, na LOPD e no Real Decreto 1720\/2007, de 21 de dezembro, que aprova o Regulamento de desenvolvimento da LOPD (doravante, o \u201cRDLOPD\u201d). Para sua maior comodidade, e sem preju\u00edzo do cumprimento de determinados requisitos formais estabelecidos pelo RGPD e pela LOPD, a <strong>HIDRASOL<\/strong> oferece-lhe a possibilidade de exercer os direitos acima referidos atrav\u00e9s do correio eletr\u00f3nico: <a href=\"mailto:info@hidrasol.com\">info@hidrasol.com<\/a> <\/p><p>Como indic\u00e1mos anteriormente, assim que o utilizador cancelar a sua conta como utilizador registado da <strong>HIDRASOL<\/strong>, esta eliminar\u00e1 toda a informa\u00e7\u00e3o que possua sobre o mesmo. No entanto, e sem preju\u00edzo do anterior. <\/p><p><strong>2. MEDIDAS DE SEGURAN\u00c7A.<\/strong><\/p><p><strong>HIDRASOL<\/strong> informa que tem implementadas as medidas de seguran\u00e7a de natureza t\u00e9cnica e organizativa necess\u00e1rias para garantir a seguran\u00e7a dos seus Dados de Car\u00e1ter Pessoal e evitar a sua altera\u00e7\u00e3o, perda, tratamento e\/ou acesso n\u00e3o autorizado, tendo em conta o estado da tecnologia, a natureza dos dados armazenados e os riscos a que est\u00e3o expostos, quer provenham da a\u00e7\u00e3o humana ou do meio f\u00edsico ou natural.<\/p><p>Obrigado por utilizar a <strong>HIDRASOL<\/strong>. Esperamos que a considere pr\u00e1tica e que a sua experi\u00eancia no s\u00edtio Web seja satisfat\u00f3ria. <\/p><p><strong>INFORMA\u00c7\u00c3O B\u00c1SICA SOBRE PROTE\u00c7\u00c3O DE DADOS<\/strong><\/p><p><strong>Respons\u00e1vel<\/strong>: Hidrasol Vaox, S.L.<br><strong>Finalidade<\/strong>: Presta\u00e7\u00e3o de servi\u00e7os de comunica\u00e7\u00e3o eletr\u00f3nica<br><strong>Legitima\u00e7\u00e3o<\/strong>: Presta\u00e7\u00e3o de servi\u00e7os.<br><strong>Destinat\u00e1rios<\/strong>: N\u00e3o ser\u00e3o cedidos dados a terceiros, salvo obriga\u00e7\u00e3o legal<br><strong>Direitos<\/strong>: Aceder, retificar e eliminar os dados, bem como outros direitos, conforme explicado na informa\u00e7\u00e3o adicional<br><strong>Informa\u00e7\u00e3o adicional<\/strong>: Pode consultar a informa\u00e7\u00e3o adicional e detalhada sobre prote\u00e7\u00e3o de dados no nosso s\u00edtio Web<\/p>\t\t\t\t\t\t\t\t<\/div>\n\t\t\t\t<\/div>\n\t\t\t\t\t<\/div>\n\t\t\t\t<\/div>\n\t\t\t\t<\/div>\n\t\t","protected":false},"excerpt":{"rendered":"<p>1. DADOS DE CAR\u00c1TER PESSOAL DO UTILIZADOR DO S\u00cdTIO WEB Em conformidade com o estabelecido na regulamenta\u00e7\u00e3o de prote\u00e7\u00e3o de dados espanhola e, em particular, no artigo 5.\u00ba da Lei Org\u00e2nica 15\/1999, de 13 de dezembro, de Prote\u00e7\u00e3o de Dados de Car\u00e1ter Pessoal (doravante, \u201cLOPD\u201d) e nos arts. 12 a 21 do Regulamento Geral sobre [&hellip;]<\/p>\n","protected":false},"author":1,"featured_media":0,"parent":0,"menu_order":0,"comment_status":"closed","ping_status":"closed","template":"","meta":{"footnotes":""},"class_list":["post-4518","page","type-page","status-publish","hentry"],"_links":{"self":[{"href":"https:\/\/hidrasol.com\/pt-pt\/wp-json\/wp\/v2\/pages\/4518","targetHints":{"allow":["GET"]}}],"collection":[{"href":"https:\/\/hidrasol.com\/pt-pt\/wp-json\/wp\/v2\/pages"}],"about":[{"href":"https:\/\/hidrasol.com\/pt-pt\/wp-json\/wp\/v2\/types\/page"}],"author":[{"embeddable":true,"href":"https:\/\/hidrasol.com\/pt-pt\/wp-json\/wp\/v2\/users\/1"}],"replies":[{"embeddable":true,"href":"https:\/\/hidrasol.com\/pt-pt\/wp-json\/wp\/v2\/comments?post=4518"}],"version-history":[{"count":0,"href":"https:\/\/hidrasol.com\/pt-pt\/wp-json\/wp\/v2\/pages\/4518\/revisions"}],"wp:attachment":[{"href":"https:\/\/hidrasol.com\/pt-pt\/wp-json\/wp\/v2\/media?parent=4518"}],"curies":[{"name":"wp","href":"https:\/\/api.w.org\/{rel}","templated":true}]}}