{"id":4169,"date":"2024-10-18T12:12:53","date_gmt":"2024-10-18T10:12:53","guid":{"rendered":"https:\/\/hidrasol.com\/producto\/comando-a-distancia-emissor-recetor-hv-4100339\/"},"modified":"2024-10-18T12:12:53","modified_gmt":"2024-10-18T10:12:53","slug":"comando-a-distancia-emissor-recetor-hv-4100339","status":"publish","type":"product","link":"https:\/\/hidrasol.com\/pt-pt\/producto\/comando-a-distancia-emissor-recetor-hv-4100339\/","title":{"rendered":"Comando \u00e0 dist\u00e2ncia (Emissor + Recetor) HV-4100339"},"content":{"rendered":"<p>COMANDO \u00c0 DIST\u00c2NCIA (EMISSOR+RECETOR) HIVRADOL TSO CF<\/p>\n","protected":false},"excerpt":{"rendered":"<p>COMANDO \u00c0 DIST\u00c2NCIA (EMISSOR+RECETOR) HIVRADOL TSO CF<\/p>\n","protected":false},"featured_media":2803,"template":"","meta":[],"product_brand":[],"product_cat":[105],"product_tag":[],"class_list":{"0":"post-4169","1":"product","2":"type-product","3":"status-publish","4":"has-post-thumbnail","6":"product_cat-acessorios-de-carrocaria","8":"first","9":"instock","10":"shipping-taxable","11":"purchasable","12":"product-type-simple"},"_links":{"self":[{"href":"https:\/\/hidrasol.com\/pt-pt\/wp-json\/wp\/v2\/product\/4169","targetHints":{"allow":["GET"]}}],"collection":[{"href":"https:\/\/hidrasol.com\/pt-pt\/wp-json\/wp\/v2\/product"}],"about":[{"href":"https:\/\/hidrasol.com\/pt-pt\/wp-json\/wp\/v2\/types\/product"}],"wp:featuredmedia":[{"embeddable":true,"href":"https:\/\/hidrasol.com\/pt-pt\/wp-json\/wp\/v2\/media\/2803"}],"wp:attachment":[{"href":"https:\/\/hidrasol.com\/pt-pt\/wp-json\/wp\/v2\/media?parent=4169"}],"wp:term":[{"taxonomy":"product_brand","embeddable":true,"href":"https:\/\/hidrasol.com\/pt-pt\/wp-json\/wp\/v2\/product_brand?post=4169"},{"taxonomy":"product_cat","embeddable":true,"href":"https:\/\/hidrasol.com\/pt-pt\/wp-json\/wp\/v2\/product_cat?post=4169"},{"taxonomy":"product_tag","embeddable":true,"href":"https:\/\/hidrasol.com\/pt-pt\/wp-json\/wp\/v2\/product_tag?post=4169"}],"curies":[{"name":"wp","href":"https:\/\/api.w.org\/{rel}","templated":true}]}}