{"id":4337,"date":"2024-10-18T12:25:25","date_gmt":"2024-10-18T10:25:25","guid":{"rendered":"https:\/\/hidrasol.com\/producto\/placa-superior-valvula-de-retencao-r2-hv-2100186\/"},"modified":"2024-10-18T12:25:25","modified_gmt":"2024-10-18T10:25:25","slug":"placa-superior-valvula-de-retencao-r2-hv-2100186","status":"publish","type":"product","link":"https:\/\/hidrasol.com\/pt-pt\/producto\/placa-superior-valvula-de-retencao-r2-hv-2100186\/","title":{"rendered":"Placa superior v\u00e1lvula de reten\u00e7\u00e3o R2 HV-2100186"},"content":{"rendered":"<p>PLACA SUPERIOR V\u00c1LVULA DE RETEN\u00c7\u00c3O R2<\/p>\n","protected":false},"excerpt":{"rendered":"<p>PLACA SUPERIOR V\u00c1LVULA DE RETEN\u00c7\u00c3O R2<\/p>\n","protected":false},"featured_media":2819,"template":"","meta":[],"product_brand":[],"product_cat":[105],"product_tag":[],"class_list":{"0":"post-4337","1":"product","2":"type-product","3":"status-publish","4":"has-post-thumbnail","6":"product_cat-acessorios-de-carrocaria","8":"first","9":"instock","10":"shipping-taxable","11":"purchasable","12":"product-type-simple"},"_links":{"self":[{"href":"https:\/\/hidrasol.com\/pt-pt\/wp-json\/wp\/v2\/product\/4337","targetHints":{"allow":["GET"]}}],"collection":[{"href":"https:\/\/hidrasol.com\/pt-pt\/wp-json\/wp\/v2\/product"}],"about":[{"href":"https:\/\/hidrasol.com\/pt-pt\/wp-json\/wp\/v2\/types\/product"}],"wp:featuredmedia":[{"embeddable":true,"href":"https:\/\/hidrasol.com\/pt-pt\/wp-json\/wp\/v2\/media\/2819"}],"wp:attachment":[{"href":"https:\/\/hidrasol.com\/pt-pt\/wp-json\/wp\/v2\/media?parent=4337"}],"wp:term":[{"taxonomy":"product_brand","embeddable":true,"href":"https:\/\/hidrasol.com\/pt-pt\/wp-json\/wp\/v2\/product_brand?post=4337"},{"taxonomy":"product_cat","embeddable":true,"href":"https:\/\/hidrasol.com\/pt-pt\/wp-json\/wp\/v2\/product_cat?post=4337"},{"taxonomy":"product_tag","embeddable":true,"href":"https:\/\/hidrasol.com\/pt-pt\/wp-json\/wp\/v2\/product_tag?post=4337"}],"curies":[{"name":"wp","href":"https:\/\/api.w.org\/{rel}","templated":true}]}}