{"id":4375,"date":"2024-10-14T12:24:00","date_gmt":"2024-10-14T10:24:00","guid":{"rendered":"https:\/\/hidrasol.com\/producto\/abracadeira-ajustavel-em-aco-hv-7100023\/"},"modified":"2024-10-14T12:24:00","modified_gmt":"2024-10-14T10:24:00","slug":"abracadeira-ajustavel-em-aco-hv-7100023","status":"publish","type":"product","link":"https:\/\/hidrasol.com\/pt-pt\/producto\/abracadeira-ajustavel-em-aco-hv-7100023\/","title":{"rendered":"Abra\u00e7adeira ajust\u00e1vel em a\u00e7o HV-7100023"},"content":{"rendered":"<p>ABRA\u00c7ADEIRA AJUST\u00c1VEL EM A\u00c7O GALV 24 mm V2<\/p>\n","protected":false},"excerpt":{"rendered":"<p>ABRA\u00c7ADEIRA AJUST\u00c1VEL EM A\u00c7O GALV 24 mm V2<\/p>\n","protected":false},"featured_media":2776,"template":"","meta":[],"product_brand":[],"product_cat":[106],"product_tag":[],"class_list":{"0":"post-4375","1":"product","2":"type-product","3":"status-publish","4":"has-post-thumbnail","6":"product_cat-guardalamas-e-palas","8":"first","9":"instock","10":"shipping-taxable","11":"purchasable","12":"product-type-simple"},"_links":{"self":[{"href":"https:\/\/hidrasol.com\/pt-pt\/wp-json\/wp\/v2\/product\/4375","targetHints":{"allow":["GET"]}}],"collection":[{"href":"https:\/\/hidrasol.com\/pt-pt\/wp-json\/wp\/v2\/product"}],"about":[{"href":"https:\/\/hidrasol.com\/pt-pt\/wp-json\/wp\/v2\/types\/product"}],"wp:featuredmedia":[{"embeddable":true,"href":"https:\/\/hidrasol.com\/pt-pt\/wp-json\/wp\/v2\/media\/2776"}],"wp:attachment":[{"href":"https:\/\/hidrasol.com\/pt-pt\/wp-json\/wp\/v2\/media?parent=4375"}],"wp:term":[{"taxonomy":"product_brand","embeddable":true,"href":"https:\/\/hidrasol.com\/pt-pt\/wp-json\/wp\/v2\/product_brand?post=4375"},{"taxonomy":"product_cat","embeddable":true,"href":"https:\/\/hidrasol.com\/pt-pt\/wp-json\/wp\/v2\/product_cat?post=4375"},{"taxonomy":"product_tag","embeddable":true,"href":"https:\/\/hidrasol.com\/pt-pt\/wp-json\/wp\/v2\/product_tag?post=4375"}],"curies":[{"name":"wp","href":"https:\/\/api.w.org\/{rel}","templated":true}]}}