{"id":4394,"date":"2024-01-30T12:03:57","date_gmt":"2024-01-30T11:03:57","guid":{"rendered":"https:\/\/hidrasol.com\/producto\/bloco-3-conexao-hidraulico-hv-38-v6-1-hv-2100872\/"},"modified":"2024-01-30T12:03:57","modified_gmt":"2024-01-30T11:03:57","slug":"bloco-3-conexao-hidraulico-hv-38-v6-1-hv-2100872","status":"publish","type":"product","link":"https:\/\/hidrasol.com\/pt-pt\/producto\/bloco-3-conexao-hidraulico-hv-38-v6-1-hv-2100872\/","title":{"rendered":"Bloco 3 Conex\u00e3o HIDR\u00c1ULICO HV-38 V6.1 HV-2100872"},"content":{"rendered":"<p>BLOCO 3 CONEX\u00c3O HIDR\u00c1ULICO HV-38 V6.1<\/p>\n","protected":false},"excerpt":{"rendered":"<p>BLOCO 3 CONEX\u00c3O HIDR\u00c1ULICO HV-38 V6.1<\/p>\n","protected":false},"featured_media":2012,"template":"","meta":[],"product_brand":[],"product_cat":[95],"product_tag":[],"class_list":{"0":"post-4394","1":"product","2":"type-product","3":"status-publish","4":"has-post-thumbnail","6":"product_cat-blocos-de-camisas","8":"first","9":"instock","10":"shipping-taxable","11":"purchasable","12":"product-type-simple"},"_links":{"self":[{"href":"https:\/\/hidrasol.com\/pt-pt\/wp-json\/wp\/v2\/product\/4394","targetHints":{"allow":["GET"]}}],"collection":[{"href":"https:\/\/hidrasol.com\/pt-pt\/wp-json\/wp\/v2\/product"}],"about":[{"href":"https:\/\/hidrasol.com\/pt-pt\/wp-json\/wp\/v2\/types\/product"}],"wp:featuredmedia":[{"embeddable":true,"href":"https:\/\/hidrasol.com\/pt-pt\/wp-json\/wp\/v2\/media\/2012"}],"wp:attachment":[{"href":"https:\/\/hidrasol.com\/pt-pt\/wp-json\/wp\/v2\/media?parent=4394"}],"wp:term":[{"taxonomy":"product_brand","embeddable":true,"href":"https:\/\/hidrasol.com\/pt-pt\/wp-json\/wp\/v2\/product_brand?post=4394"},{"taxonomy":"product_cat","embeddable":true,"href":"https:\/\/hidrasol.com\/pt-pt\/wp-json\/wp\/v2\/product_cat?post=4394"},{"taxonomy":"product_tag","embeddable":true,"href":"https:\/\/hidrasol.com\/pt-pt\/wp-json\/wp\/v2\/product_tag?post=4394"}],"curies":[{"name":"wp","href":"https:\/\/api.w.org\/{rel}","templated":true}]}}