{"id":4419,"date":"2023-09-15T07:13:12","date_gmt":"2023-09-15T05:13:12","guid":{"rendered":"https:\/\/hidrasol.com\/producto\/tampao-da-valvula-hv-38-hv-2100094\/"},"modified":"2023-09-15T07:13:12","modified_gmt":"2023-09-15T05:13:12","slug":"tampao-da-valvula-hv-38-hv-2100094","status":"publish","type":"product","link":"https:\/\/hidrasol.com\/pt-pt\/producto\/tampao-da-valvula-hv-38-hv-2100094\/","title":{"rendered":"Tamp\u00e3o da v\u00e1lvula HV-38 HV-2100094"},"content":{"rendered":"<p>TAMP\u00c3O DA V\u00c1LVULA HV-38<\/p>\n","protected":false},"excerpt":{"rendered":"<p>TAMP\u00c3O DA V\u00c1LVULA HV-38<\/p>\n","protected":false},"featured_media":1064,"template":"","meta":[],"product_brand":[],"product_cat":[104],"product_tag":[],"class_list":{"0":"post-4419","1":"product","2":"type-product","3":"status-publish","4":"has-post-thumbnail","6":"product_cat-kit-de-equipamento-hidraulico-hv-38-v6-1","8":"first","9":"instock","10":"shipping-taxable","11":"purchasable","12":"product-type-simple"},"_links":{"self":[{"href":"https:\/\/hidrasol.com\/pt-pt\/wp-json\/wp\/v2\/product\/4419","targetHints":{"allow":["GET"]}}],"collection":[{"href":"https:\/\/hidrasol.com\/pt-pt\/wp-json\/wp\/v2\/product"}],"about":[{"href":"https:\/\/hidrasol.com\/pt-pt\/wp-json\/wp\/v2\/types\/product"}],"wp:featuredmedia":[{"embeddable":true,"href":"https:\/\/hidrasol.com\/pt-pt\/wp-json\/wp\/v2\/media\/1064"}],"wp:attachment":[{"href":"https:\/\/hidrasol.com\/pt-pt\/wp-json\/wp\/v2\/media?parent=4419"}],"wp:term":[{"taxonomy":"product_brand","embeddable":true,"href":"https:\/\/hidrasol.com\/pt-pt\/wp-json\/wp\/v2\/product_brand?post=4419"},{"taxonomy":"product_cat","embeddable":true,"href":"https:\/\/hidrasol.com\/pt-pt\/wp-json\/wp\/v2\/product_cat?post=4419"},{"taxonomy":"product_tag","embeddable":true,"href":"https:\/\/hidrasol.com\/pt-pt\/wp-json\/wp\/v2\/product_tag?post=4419"}],"curies":[{"name":"wp","href":"https:\/\/api.w.org\/{rel}","templated":true}]}}